{"id":3924,"date":"2016-09-16T08:23:00","date_gmt":"2016-09-16T08:23:00","guid":{"rendered":"http:\/\/trazosytendencias.com\/politica-de-privacidad\/"},"modified":"2018-07-18T11:10:26","modified_gmt":"2018-07-18T09:10:26","slug":"politica-de-privacidad","status":"publish","type":"page","link":"https:\/\/trazosytendencias.com\/en\/politica-de-privacidad\/","title":{"rendered":"Pol\u00edtica de Privacidad"},"content":{"rendered":"<p>[vc_row][vc_column][vc_column_text]<\/p>\n<h1>Pol\u00edtica de Privacidad<\/h1>\n<p>[\/vc_column_text][vc_separator][vc_column_text]<strong>ACCEPTACI\u00d3N DEL USUARIO<\/strong><\/p>\n<p>Este documento (a partir de aqu\u00ed llamado \u201cPOLITICA DE PRIVACIDAD\u201d) tiene por objetivo regular el uso del espacio web que <strong>Trazos y Tendencias, s.l.<\/strong> pone a disposici\u00f3n del (<em>www.trazosytendencias.com<\/em>)<\/p>\n<p>Los derechos de propiedad intelectual de este espacio web, su c\u00f3digo fuente, las bases de datos y los distintos elementos que contiene son propiedad titular de <strong>Trazos y Tendencias, s.l.<\/strong> a quien corresponde el ejercicio exclusivo de explotaci\u00f3n de los derechos de la propia web y, en especial, los de reproducci\u00f3n, distribuci\u00f3n, comunicaci\u00f3n p\u00fablica, mantenimiento y transformaci\u00f3n.<\/p>\n<p>La utilizaci\u00f3n del espacio web para un tercero le atribuye la condici\u00f3n de usuario y supone la completa aceptaci\u00f3n de este usuario de todas y cada una de las condiciones que establece esta Pol\u00edtica de privacidad.<\/p>\n<p><strong>USO CORRECTO DEL ESPACIO WEB <\/strong><\/p>\n<p>El usuario se compromete a utilizar el espacio web, los contenidos y los servicios de acuerdo con la Ley, esta Pol\u00edtica de privacidad, las buenas pr\u00e1cticas y el orden p\u00fablico. De la misma manera, el usuario se obliga a no utilizar el espacio web o los servicios que se presten a trav\u00e9s de \u00e9l con finalidades o efectos il\u00edcitos o contrarios al contenido de esta Pol\u00edtica de privacidad, que lesionen los intereses o derechos de terceros, o que de cualquier forma se pueda da\u00f1ar, inutilizarlo deteriorar el propio espacio web o sus servicios o impedir un uso satisfactorio del espacio web a otros usuarios.<\/p>\n<p>As\u00ed mismo, el usuario se compromete expresamente a no destruir, alterar, inutilizar o, de cualquier otra forma, da\u00f1ar los datos, los programas o los documentos electr\u00f3nicos y otros que se encuentren n el presente espacio web.<\/p>\n<p>El usuario se compromete a no obstaculizar el acceso de otros usuarios al servicio mediante el consumo masivo de los recursos inform\u00e1ticos a trav\u00e9s de los cuales <strong>Trazos y Tendencias, s.l.<\/strong> presta el servicio, as\u00ed como no realizar acciones que da\u00f1en, interrumpan o generen errores en los sistemas citados.<\/p>\n<p>El usuario se compromete a no introducir programas, virus, macroinstrucciones, mini aplicaciones, controles de cualquier tipo o cualquier otro dispositivo l\u00f3gico o secuencia de caracteres que causen o puedan causar cualquier tipo de alteraci\u00f3n en los sistemas inform\u00e1ticos de <strong>Trazos y Tendencias, s.l.<\/strong> o de terceros o, en su caso, violar los derechos de la propiedad intelectual o industrial.<\/p>\n<p>El usuario se compromete a no hacer un mal uso de las informaciones, mensajes,\u00a0 gr\u00e1ficos, dibujos, archivos de sonido y\/ o imagen, fotograf\u00edas, programas\u00a0 y, en general, cualquier clase de material accesible a trav\u00e9s del presente espacio web o de los servicios que ofrece.<\/p>\n<p><strong>Trazos y Tendencias, s.l.<\/strong> consiguientemente, declina igualmente toda responsabilidad derivada de los da\u00f1os y perjuicios que pueda sufrir cualquier visitante de este espacio web en sus recursos tecnol\u00f3gicos (inform\u00e1ticos o telem\u00e1ticos) a consecuencia de la producci\u00f3n de cualquiera de las circunstancias o hechos mencionados al p\u00e1rrafo anterior. Igualmente <strong>Trazos y Tendencias, s.l.<\/strong> no garantiza que el espacio web y el servidor est\u00e9n libres de virus y no se hace responsable de los da\u00f1os causados por el acceso al web o por la imposibilidad de acceder.<\/p>\n<p><strong>Trazos y Tendencias, s.l.<\/strong> no es responsable de la informaci\u00f3n que se puede obtener a trav\u00e9s de enlaces a sistemas externos des de este espacio web.<\/p>\n<p><strong>PROPIEDAD INTELECTUAL E INDUSTRIAL <\/strong><\/p>\n<p>Este espacio web y todos sus contenidos, incluidos los textos, los documentos, las fotograf\u00edas, los dibujos, las representaciones gr\u00e1ficas, las bases de datos, los programas inform\u00e1ticos, as\u00ed como los logotipos, las marcas, los nombres comerciales y otros signos distintivos son propiedad de <strong>Trazos y Tendencias, s.l.<\/strong> o de terceros que le han autorizado para su uso.<\/p>\n<p>Todos los derechos est\u00e1n reservados.<\/p>\n<p><strong>R\u00c9GIMEN DE RESPONSABILIDAD <\/strong><\/p>\n<p>Responsabilidad de <strong>Trazos y Tendencias, s.l.<\/strong> para la <u>utilizaci\u00f3n del web<\/u><\/p>\n<p>El usuario es el \u00fanico responsable de las infracciones en que pueda incurrir y de los perjuicios que pueda causar o causarse para la utilizaci\u00f3n del presente espacio web por su parte <strong>Trazos y Tendencias, s.l.<\/strong> esta exonerada de cualquier responsabilidad que se pudiese derivar por las acciones del usuario.<\/p>\n<p>El usuario ser\u00e1 el \u00fanico responsable para cualquier reclamaci\u00f3n o acci\u00f3n legal, judicial o extrajudicial iniciada por terceras personas contra <strong>Trazos y Tendencias, s.l.<\/strong> basada en la utilizaci\u00f3n del espacio web por el usuario. En su caso, el usuario asumir\u00e1 todos los gastos, los costes y las indemnizaciones que se reclamen a <strong>Trazos y Tendencias, s.l.<\/strong> con motivo de reclamaciones o de acciones legales que le sean atribuidas.<\/p>\n<p>Responsabilidad de <strong>Trazos y Tendencias, s.l.<\/strong> por el <u>funcionamiento del web<\/u><\/p>\n<p><strong>Trazos y Tendencias, s.l.<\/strong> <strong>\u00a0<\/strong>excluye cualquier responsabilidad que se pudiese derivar por transferencias, omisiones, interrupciones, intromisiones indeseables, deficiencias de telecomunicaciones, virus inform\u00e1ticos, aver\u00edas telef\u00f3nicas o desconexiones en el funcionamiento operativo del sistema electr\u00f3nico, motivados por causas alienas a <strong>Trazos y Tendencias, s.l.<\/strong><\/p>\n<p>Responsabilidad de<strong> Trazos y Tendencias, s.l.<\/strong> por <u>enlaces des del web <\/u><\/p>\n<p><strong>Trazos y Tendencias, s.l.<\/strong> declina toda responsabilidad respecto de la informaci\u00f3n (contenidos) o ricos (perjuicios t\u00e9cnicos, morales o econ\u00f3micos) que haya fuera del espacio web y al que se pueda acceder por link desde \u00e9sta; ya que la funci\u00f3n de los enlaces que aparecen es \u00fanicamente de informar sobre un tema concreto.<\/p>\n<p><strong>COMPROMISO DE PROTECCI\u00d3N DE DATOS Y DE CUMPLIMIENTO DE LA LSSICE <\/strong><\/p>\n<p>En complimiento del RGPD (Reglamento General de Protecci\u00f3n de datos),<strong> Trazos y Tendencias, s.l.<\/strong> informa a los usuarios que los datos de car\u00e1cter personal que proporcionen al emplear los formularios o requerimientos de contrato se recoger\u00e1n en ficheros responsabilidad de <strong>Trazos y Tendencias, s.l.<\/strong> y ser\u00e1n tratados con la finalidad de poder prestar e informar sobre los servicios o sobre los productos que <strong>Trazos y Tendencias, s.l.<\/strong> ofrece. El hecho de rellenar un formulario de este espacio web implica que el usuario reconoce que la informaci\u00f3n y los datos personales que nos indica son suyos, exactos y ciertos. Se informa a continuaci\u00f3n de los par\u00e1metros b\u00e1sicos de nuestra Pol\u00edtica de Protecci\u00f3n de datos personales:<\/p>\n<ol>\n<li>\u00bfQui\u00e9n es el responsable del tratamiento de sus datos personales?<\/li>\n<\/ol>\n<p>Responsable del tratamiento: <strong>Trazos y Tendencias, s.l.<\/strong> Avda. La Ferrer\u00eda, 86-88 (08110 Montcada i Reixac)<\/p>\n<p>Correo electr\u00f3nico: info@trazosytendencias.com<\/p>\n<p>&nbsp;<\/p>\n<ol start=\"2\">\n<li>\u00bfCu\u00e1les son las finalidades para continuar tratando sus datos personales;<\/li>\n<\/ol>\n<p>Tratamos los datos personales de nuestros contactos, clientes y proveedores con la finalidad de gestionar la relaci\u00f3n comercial con nuestra organizaci\u00f3n y, en especial, los aspectos contractuales, el env\u00edo de informaci\u00f3n de nuestra organizaci\u00f3n y del sector, de la organizaci\u00f3n de actividades, campa\u00f1as o eventos y el env\u00edo de comunicaciones informativas y comerciales (incluyendo la via electr\u00f3nica).<\/p>\n<p>&nbsp;<\/p>\n<ol start=\"3\">\n<li>\u00bfCu\u00e1nto tiempo conservaremos sus datos personales?<\/li>\n<\/ol>\n<p>Los datos personales se conservar\u00e1n durante el plazo de seis (6) a\u00f1os, de conformidad con la normativa contable vigente y, si procede, durante diez (10) a\u00f1os seg\u00fan la normativa de prevenci\u00f3n de blanqueo de capitales.<\/p>\n<p>En cualquier caso, <strong>Trazos y Tendencias, s.l.<\/strong> \u00a0conservar\u00e1 sus datos personales mientras sean necesarios para la prestaci\u00f3n contractual de nuestra relaci\u00f3n, a menos que nos solicite su supresi\u00f3n. Asimismo, las conservar\u00e1 durante el periodo de tiempo necesario para dar cumplimiento a las obligaciones legales que en cada caso correspondan de acuerdo con la tipolog\u00eda de los datos.<\/p>\n<p>&nbsp;<\/p>\n<ol start=\"4\">\n<li>\u00bfCu\u00e1l es la legitimaci\u00f3n para el tratamiento de sus datos personales?<\/li>\n<\/ol>\n<p>La base leg\u00edtima para el tratamiento de datos personales es el inter\u00e9s mutuo y el consentimiento del usuario.<\/p>\n<ol start=\"5\">\n<li>\u00bfA qu\u00e9 destinatarios se comunicar\u00e1n sus datos personales?<\/li>\n<\/ol>\n<p>Los datos \u00fanicamente podr\u00e1n comunicarse a organizaciones terceras vinculadas con <strong>Trazos y Tendencias, s.l.<\/strong> en el \u00e1mbito de la gesti\u00f3n de sus productos y\/o servicios para las mismas finalidades referidas anteriormente, as\u00ed como a las Administraciones P\u00fablicas competentes, cuando as\u00ed lo exija la normativa vigente.<\/p>\n<p>&nbsp;<\/p>\n<p>Los empleados de <strong>\u00a0Trazos y Tendencias, s.l.<\/strong> que disponen de derechos de acceso autorizado de acuerdo con la estructura de seguridad interna de <strong>\u00a0Trazos y Tendencias, s.l.<\/strong> \u00a0pueden acceder a sus datos personales con los objetivos y finalidades descritas en esta Pol\u00edtica de Privacidad. Todos los empleados de <strong>Trazos y Tendencias, s.l.<\/strong> \u00a0han sido formados e informados de sus responsabilidades al respecto y firman el acuerdo de confidencialidad correspondiente. Igualmente, pueden acceder a sus datos, organizaciones terceras cuya intervenci\u00f3n sea requerida y\/o necesaria para la gesti\u00f3n adecuada de la prestaci\u00f3n del servicio.<\/p>\n<p>&nbsp;<\/p>\n<p><strong>Trazos y Tendencias, s.l.<\/strong> \u00a0ha establecido contratos o acuerdos contractuales y medidas de seguridad con terceros, para garantizar el adecuado nivel de seguridad y de protecci\u00f3n de los datos personales a lo largo de la cadena relacionada.<\/p>\n<p>&nbsp;<\/p>\n<ol start=\"6\">\n<li>\u00bfCu\u00e1les son sus derechos en relaci\u00f3n con sus datos personales?<\/li>\n<\/ol>\n<p>Puede solicitar el acceso, rectificaci\u00f3n, supresi\u00f3n, limitaci\u00f3n al tratamiento, portabilidad y oposici\u00f3n al tratamiento de sus datos personales en cualquier momento.<\/p>\n<p>Podr\u00e1 revocar el consentimiento al env\u00edo de comunicaciones comerciales y ejercer los derechos referidos anteriormente, mediante el env\u00edo de un correo electr\u00f3nico a info@trazosytendencias.com acompa\u00f1ado de la acreditaci\u00f3n documental de su identidad. Con la excepci\u00f3n que ya nos lo haya indicado con anterioridad mediante la opci\u00f3n de darse de baja que se encuentra al pie de los env\u00edos electr\u00f3nicos, en cuyo caso, ya disponemos de tal informaci\u00f3n.<\/p>\n<p>&nbsp;<\/p>\n<p>Si no obtiene una respuesta satisfactoria y desea formular una reclamaci\u00f3n u obtener m\u00e1s informaci\u00f3n al respecto de cualquier de esos derechos, puede dirigirse a la Agencia Espa\u00f1ola de Protecci\u00f3n de Datos (<a href=\"http:\/\/www.agpd.es\/\">www.agpd.es<\/a>).<\/p>\n<p>&nbsp;<\/p>\n<ol start=\"7\">\n<li>\u00bfCu\u00e1l es la relaci\u00f3n de informaci\u00f3n personal almacenada?<\/li>\n<\/ol>\n<p>Se guardan los datos b\u00e1sicos de identificaci\u00f3n y relaci\u00f3n para el env\u00edo de propuestas, informaci\u00f3n comercial, para crear facturas, como por ejemplo nombre, domicilio de env\u00edo, NIF\/CIF, n\u00famero de cuenta bancaria, si el cliente desea domiciliaci\u00f3n bancaria.<\/p>\n<p>&nbsp;<\/p>\n<ol start=\"8\">\n<li>\u00bfCu\u00e1l es la Pol\u00edtica de almacenamiento de los datos \/disponibilidad \/backups y su ubicaci\u00f3n?<\/li>\n<\/ol>\n<p>No se elimina informaci\u00f3n, a menos que sea solicitada supresi\u00f3n por parte del usuario y que esta supresi\u00f3n proceda (ver punto 3). Siempre est\u00e1 disponible, aunque puede estar bloqueada para env\u00edos informativos de marketing \/ comercial, si ejercitados los derechos de supresi\u00f3n, limitaci\u00f3n al tratamiento u oposici\u00f3n por parte del usuario.<\/p>\n<p>Se realizan copias de seguridad de los servidores que contienen datos, debidamente controladas y custodiadas.<\/p>\n<ol start=\"9\">\n<li>\u00bfCu\u00e1l es la Pol\u00edtica de privacidad y seguridad de la informaci\u00f3n y su acceso?<\/li>\n<\/ol>\n<p>El acceso a la base de datos est\u00e1 protegido mediante usuario y contrase\u00f1a.<\/p>\n<p>En el caso de acceso remoto, este se realiza mediante protocolo VPN<\/p>\n<p>&nbsp;<\/p>\n<ol start=\"10\">\n<li>\u00bfCu\u00e1l es la Pol\u00edtica de respuesta ante incidentes de seguridad y an\u00e1lisis de impacto?<\/li>\n<\/ol>\n<p><strong>Trazos y Tendencias, s.l.<\/strong> \u00a0ha adoptado medidas de protecci\u00f3n t\u00e9cnica y organizativa apropiadas y estas medidas se han aplicado a los datos personales afectados por la potencial violaci\u00f3n de la seguridad de los datos personales. No hay acceso a datos de los clientes \/ usuarios para personas que no est\u00e9n autorizadas a acceder a ellos.<\/p>\n<p>&nbsp;<\/p>\n<p><strong>Trazos y Tendencias, s.l.<\/strong> \u00a0ha llevado a cabo y mantiene actualizado un An\u00e1lisis de riesgos de la vulnerabilidad de los datos personales y su impacto sobre la seguridad de la intimidad de los clientes \/ usuarios.<\/p>\n<p>&nbsp;<\/p>\n<ol start=\"11\">\n<li>\u00bfCu\u00e1l es la Pol\u00edtica de borrado de informaci\u00f3n ante bajas de servicio?<\/li>\n<\/ol>\n<p><strong>Trazos y Tendencias, s.l.<\/strong> desactiva las cuentas de los clientes \/ usuarios que deciden darse de baja y que hayan ejercido su derecho a la supresi\u00f3n. En este caso, los datos del cliente \/ usuario quedar\u00e1n bloqueados y mantenidos por el tiempo requerido por normativa, exclusivamente para dar cuenta de las obligaciones legales que justifiquen la relaci\u00f3n pasada entre las partes.<\/p>\n<p>&nbsp;<\/p>\n<ol start=\"12\">\n<li>\u00bfQui\u00e9n es nuestro Responsable de Seguridad en materia de Protecci\u00f3n de datos?<\/li>\n<\/ol>\n<p><strong>Trazos y Tendencias, s.l.<\/strong> no tiene obligatoriedad legal de designar un DPD (Delegado de Protecci\u00f3n de datos), de acuerdo a la legislaci\u00f3n vigente.<\/p>\n<p>Independientemente de ello, <strong>Trazos y Tendencias, s.l.<\/strong> ha designado a una persona Responsable de Seguridad de los datos, a fin de velar por el correcto funcionamiento de esta Pol\u00edtica de Privacidad y de asegurar que se preservan sus requisitos en relaci\u00f3n a los datos personales de usuarios internos y externos a la organizaci\u00f3n. Puede contactar con nuestro Responsable de Seguridad de datos en info@trazosytendencias.com<\/p>\n<p>En caso de que <strong>Trazos y Tendencias, s.l.<\/strong> \u00a0identifique una violaci\u00f3n de seguridad de datos personales, los usuarios ser\u00e1n notificados a la mayor brevedad posible en relaci\u00f3n a la misma y, en caso de que fuese de riesgo importante, se notificar\u00eda igualmente a la autoridad competente.<\/p>\n<p>&nbsp;<\/p>\n<p>El usuario registrado conserva en todo momento la posibilidad de ejercitar sus derechos de acceso, rectificaci\u00f3n, oposici\u00f3n, supresi\u00f3n, tratamiento limitado, portabilidad u oposici\u00f3n al tratamiento de sus datos. As\u00ed mismo, y de conformidad con la Ley 34\/ 2002, de 1 de julio, de servicios de la sociedad de la informaci\u00f3n y comercio electr\u00f3nico, puede revocar en cualquier momento el consentimiento prestado a la recepci\u00f3n de comunicaciones comerciales. En caso de duda, as\u00ed como por ejercitar los derechos mencionados, puede dirigirse a<strong> Trazos y Tendencias, s.l.<\/strong> \u00a0\u00a0mediante correo electr\u00f3nico info@trazosytendencias.com o correo postal a Direcci\u00f3n: <strong>Trazos y Tendencias, s.l.<\/strong>, Avda. La Ferrer\u00eda, 86-88 (08110 Montcada i Reixac) Barcelona.<\/p>\n<p>&nbsp;<\/p>\n<p><strong>LEGISLACI\u00d3N APLICABLE Y COMPETENCIA JUDICIAL <\/strong><\/p>\n<p>Cualquier controversia surgida en la interpretaci\u00f3n o la ejecuci\u00f3n de esta Pol\u00edtica de privacidad se interpretar\u00e1 a partir de la legislaci\u00f3n espa\u00f1ola. As\u00ed mismo, <strong>&lt; Trazos y Tendencias, s.l.<\/strong> <strong>\u00a0<\/strong>a trav\u00e9s de su representaci\u00f3n legal y el usuario, renuncian a cualquier otra jurisdicci\u00f3n y se someten a la de los juzgados y tribunales del domicilio del usuario para cualquier controversia que pudiese suceder. El caso que le usuario tenga su domicilio fuera de Espa\u00f1a <strong>Trazos y Tendencias, s.l.<\/strong> \u00a0y el usuario se someten a los juzgados y tribunales de la ciudad de Barcelona.<\/p>\n<p>&nbsp;<\/p>\n<p>[\/vc_column_text][\/vc_column][\/vc_row]<\/p>\n","protected":false},"excerpt":{"rendered":"<p>[vc_row][vc_column][vc_column_text] Pol\u00edtica de Privacidad [\/vc_column_text][vc_separator][vc_column_text]ACCEPTACI\u00d3N DEL USUARIO Este documento (a partir de aqu\u00ed llamado \u201cPOLITICA DE PRIVACIDAD\u201d) tiene por objetivo regular el uso del espacio web que Trazos y Tendencias, s.l. pone a disposici\u00f3n del (www.trazosytendencias.com) Los derechos de propiedad intelectual de este espacio web, su c\u00f3digo fuente, las bases de datos y los distintos elementos que contiene son propiedad titular de Trazos y Tendencias, s.l. a quien corresponde el ejercicio exclusivo de explotaci\u00f3n de los derechos de la propia web y, en especial, los de reproducci\u00f3n, distribuci\u00f3n, comunicaci\u00f3n p\u00fablica, mantenimiento y transformaci\u00f3n. La utilizaci\u00f3n del espacio web para un tercero le atribuye la condici\u00f3n de usuario y supone la completa aceptaci\u00f3n de este usuario de todas y cada una de las condiciones que establece esta Pol\u00edtica de privacidad. USO CORRECTO DEL ESPACIO WEB El usuario se compromete a utilizar el espacio web, los contenidos y los servicios de acuerdo con la Ley, esta Pol\u00edtica de privacidad, las buenas pr\u00e1cticas y el orden p\u00fablico. De la misma manera, el usuario se obliga a no utilizar el espacio web o los servicios que se presten a trav\u00e9s de \u00e9l con finalidades o efectos il\u00edcitos o contrarios al contenido de esta Pol\u00edtica<span class=\"excerpt-hellip\"> [\u2026]<\/span><\/p>\n","protected":false},"author":1,"featured_media":0,"parent":0,"menu_order":0,"comment_status":"closed","ping_status":"closed","template":"","meta":[],"_links":{"self":[{"href":"https:\/\/trazosytendencias.com\/en\/wp-json\/wp\/v2\/pages\/3924"}],"collection":[{"href":"https:\/\/trazosytendencias.com\/en\/wp-json\/wp\/v2\/pages"}],"about":[{"href":"https:\/\/trazosytendencias.com\/en\/wp-json\/wp\/v2\/types\/page"}],"author":[{"embeddable":true,"href":"https:\/\/trazosytendencias.com\/en\/wp-json\/wp\/v2\/users\/1"}],"replies":[{"embeddable":true,"href":"https:\/\/trazosytendencias.com\/en\/wp-json\/wp\/v2\/comments?post=3924"}],"version-history":[{"count":1,"href":"https:\/\/trazosytendencias.com\/en\/wp-json\/wp\/v2\/pages\/3924\/revisions"}],"predecessor-version":[{"id":3926,"href":"https:\/\/trazosytendencias.com\/en\/wp-json\/wp\/v2\/pages\/3924\/revisions\/3926"}],"wp:attachment":[{"href":"https:\/\/trazosytendencias.com\/en\/wp-json\/wp\/v2\/media?parent=3924"}],"curies":[{"name":"wp","href":"https:\/\/api.w.org\/{rel}","templated":true}]}}